{"id":2268,"date":"2023-02-08T18:47:48","date_gmt":"2023-02-08T15:47:48","guid":{"rendered":"https:\/\/toryapi.com.tr\/?page_id=2268"},"modified":"2023-02-15T12:14:37","modified_gmt":"2023-02-15T09:14:37","slug":"gelecek-projeler","status":"publish","type":"page","link":"https:\/\/toryapi.com.tr\/en\/gelecek-projeler\/","title":{"rendered":"Future Projects"},"content":{"rendered":"<div data-elementor-type=\"wp-page\" data-elementor-id=\"2268\" class=\"elementor elementor-2268\">\n\t\t\t\t\t\t<section class=\"elementor-section elementor-top-section elementor-element elementor-element-ab9d0ae elementor-section-os-boxed elementor-section-height-default elementor-section-height-default\" data-id=\"ab9d0ae\" data-element_type=\"section\">\n\t\t\t\t\t\t<div class=\"elementor-container elementor-column-gap-30\">\n\t\t\t\t\t<div class=\"elementor-column elementor-col-100 elementor-top-column elementor-element elementor-element-854c314\" data-id=\"854c314\" data-element_type=\"column\">\n\t\t\t<div class=\"elementor-widget-wrap elementor-element-populated\">\n\t\t\t\t\t\t<div class=\"elementor-element elementor-element-1e57699 elementor-widget elementor-widget-os-heading-title\" data-id=\"1e57699\" data-element_type=\"widget\" data-widget_type=\"os-heading-title.default\">\n\t\t\t\t<div class=\"elementor-widget-container\">\n\t\t\t\n<div class=\"os-heading os-heading-s1 -text-left\">\n\n            <h3 class=\"os-heading__sub-title -d-inline-flex -vertical-center -mb-15 -mb-md-20\">Our Projects<\/h3>\n    \n            <h2 class=\"os-heading__title -mb-20\">Future Projects<\/h2>\n    \n    \n<\/div>\t\t<\/div>\n\t\t\t\t<\/div>\n\t\t\t\t\t<\/div>\n\t\t<\/div>\n\t\t\t\t\t<\/div>\n\t\t<\/section>\n\t\t\t\t<section class=\"elementor-section elementor-top-section elementor-element elementor-element-d26f9d4 elementor-section-os-boxed elementor-section-height-default elementor-section-height-default\" data-id=\"d26f9d4\" data-element_type=\"section\">\n\t\t\t\t\t\t<div class=\"elementor-container elementor-column-gap-30\">\n\t\t\t\t\t<div class=\"elementor-column elementor-col-100 elementor-top-column elementor-element elementor-element-7112b5d\" data-id=\"7112b5d\" data-element_type=\"column\">\n\t\t\t<div class=\"elementor-widget-wrap elementor-element-populated\">\n\t\t\t\t\t\t\t<\/div>\n\t\t<\/div>\n\t\t\t\t\t<\/div>\n\t\t<\/section>\n\t\t\t\t<\/div>","protected":false},"excerpt":{"rendered":"<p>Projelerimiz Gelecek Projeler Tor Finance City \u0130stanbul, \u00dcmraniye<\/p>","protected":false},"author":3,"featured_media":0,"parent":0,"menu_order":0,"comment_status":"closed","ping_status":"closed","template":"templates\/page-elementor.php","meta":{"footnotes":""},"class_list":["post-2268","page","type-page","status-publish","hentry"],"yoast_head":"<!-- This site is optimized with the Yoast SEO plugin v22.2 - https:\/\/yoast.com\/wordpress\/plugins\/seo\/ -->\n<title>Gelecek Projeler - Tor Yap\u0131<\/title>\n<meta name=\"description\" content=\"Projelerimizden haberdar olmak ve bizlerle i\u015f birliktelikleri yapmak i\u00e7in bize ula\u015fabilirsiniz. bize ula\u015fabilirsiniz. Adile Na\u015fit Blv. Aris...\" \/>\n<meta name=\"robots\" content=\"index, follow, max-snippet:-1, max-image-preview:large, max-video-preview:-1\" \/>\n<link rel=\"canonical\" href=\"https:\/\/toryapi.com.tr\/en\/gelecek-projeler\/\" \/>\n<meta property=\"og:locale\" content=\"en_GB\" \/>\n<meta property=\"og:type\" content=\"article\" \/>\n<meta property=\"og:title\" content=\"Gelecek Projeler - Tor Yap\u0131\" \/>\n<meta property=\"og:description\" content=\"Projelerimizden haberdar olmak ve bizlerle i\u015f birliktelikleri yapmak i\u00e7in bize ula\u015fabilirsiniz. bize ula\u015fabilirsiniz. Adile Na\u015fit Blv. Aris...\" \/>\n<meta property=\"og:url\" content=\"https:\/\/toryapi.com.tr\/en\/gelecek-projeler\/\" \/>\n<meta property=\"og:site_name\" content=\"Tor Yap\u0131\" \/>\n<meta property=\"article:publisher\" content=\"https:\/\/www.facebook.com\/toryapiofficial\" \/>\n<meta property=\"article:modified_time\" content=\"2023-02-15T09:14:37+00:00\" \/>\n<meta property=\"og:image\" content=\"https:\/\/toryapi.com.tr\/wp-content\/uploads\/2023\/02\/tor-finans-sehir-umraniye-tor-yapi.png\" \/>\n<meta name=\"twitter:card\" content=\"summary_large_image\" \/>\n<meta name=\"twitter:label1\" content=\"Estimated reading time\" \/>\n\t<meta name=\"twitter:data1\" content=\"1 minute\" \/>\n<script type=\"application\/ld+json\" class=\"yoast-schema-graph\">{\"@context\":\"https:\/\/schema.org\",\"@graph\":[{\"@type\":\"WebPage\",\"@id\":\"https:\/\/toryapi.com.tr\/gelecek-projeler\/\",\"url\":\"https:\/\/toryapi.com.tr\/gelecek-projeler\/\",\"name\":\"Gelecek Projeler - Tor Yap\u0131\",\"isPartOf\":{\"@id\":\"https:\/\/toryapi.com.tr\/#website\"},\"primaryImageOfPage\":{\"@id\":\"https:\/\/toryapi.com.tr\/gelecek-projeler\/#primaryimage\"},\"image\":{\"@id\":\"https:\/\/toryapi.com.tr\/gelecek-projeler\/#primaryimage\"},\"thumbnailUrl\":\"https:\/\/toryapi.com.tr\/wp-content\/uploads\/2023\/02\/tor-finans-sehir-umraniye-tor-yapi.png\",\"datePublished\":\"2023-02-08T15:47:48+00:00\",\"dateModified\":\"2023-02-15T09:14:37+00:00\",\"description\":\"Projelerimizden haberdar olmak ve bizlerle i\u015f birliktelikleri yapmak i\u00e7in bize ula\u015fabilirsiniz. bize ula\u015fabilirsiniz. Adile Na\u015fit Blv. Aris...\",\"breadcrumb\":{\"@id\":\"https:\/\/toryapi.com.tr\/gelecek-projeler\/#breadcrumb\"},\"inLanguage\":\"en-GB\",\"potentialAction\":[{\"@type\":\"ReadAction\",\"target\":[\"https:\/\/toryapi.com.tr\/gelecek-projeler\/\"]}]},{\"@type\":\"ImageObject\",\"inLanguage\":\"en-GB\",\"@id\":\"https:\/\/toryapi.com.tr\/gelecek-projeler\/#primaryimage\",\"url\":\"https:\/\/toryapi.com.tr\/wp-content\/uploads\/2023\/02\/tor-finans-sehir-umraniye-tor-yapi.png\",\"contentUrl\":\"https:\/\/toryapi.com.tr\/wp-content\/uploads\/2023\/02\/tor-finans-sehir-umraniye-tor-yapi.png\",\"width\":1541,\"height\":861},{\"@type\":\"BreadcrumbList\",\"@id\":\"https:\/\/toryapi.com.tr\/gelecek-projeler\/#breadcrumb\",\"itemListElement\":[{\"@type\":\"ListItem\",\"position\":1,\"name\":\"Anasayfa\",\"item\":\"https:\/\/toryapi.com.tr\/\"},{\"@type\":\"ListItem\",\"position\":2,\"name\":\"Gelecek Projeler\"}]},{\"@type\":\"WebSite\",\"@id\":\"https:\/\/toryapi.com.tr\/#website\",\"url\":\"https:\/\/toryapi.com.tr\/\",\"name\":\"Tor Yap\u0131\",\"description\":\"\u0130n\u015faat, M\u00fcteahhitlik, Mimarl\u0131k, Proje\",\"publisher\":{\"@id\":\"https:\/\/toryapi.com.tr\/#organization\"},\"potentialAction\":[{\"@type\":\"SearchAction\",\"target\":{\"@type\":\"EntryPoint\",\"urlTemplate\":\"https:\/\/toryapi.com.tr\/?s={search_term_string}\"},\"query-input\":\"required name=search_term_string\"}],\"inLanguage\":\"en-GB\"},{\"@type\":\"Organization\",\"@id\":\"https:\/\/toryapi.com.tr\/#organization\",\"name\":\"Tor Yap\u0131\",\"url\":\"https:\/\/toryapi.com.tr\/\",\"logo\":{\"@type\":\"ImageObject\",\"inLanguage\":\"en-GB\",\"@id\":\"https:\/\/toryapi.com.tr\/#\/schema\/logo\/image\/\",\"url\":\"https:\/\/toryapi.com.tr\/wp-content\/uploads\/2023\/02\/tor-yapi-new-logo.png\",\"contentUrl\":\"https:\/\/toryapi.com.tr\/wp-content\/uploads\/2023\/02\/tor-yapi-new-logo.png\",\"width\":150,\"height\":26,\"caption\":\"Tor Yap\u0131\"},\"image\":{\"@id\":\"https:\/\/toryapi.com.tr\/#\/schema\/logo\/image\/\"},\"sameAs\":[\"https:\/\/www.facebook.com\/toryapiofficial\",\"https:\/\/www.instagram.com\/tor.yapi\/\"]}]}<\/script>\n<!-- \/ Yoast SEO plugin. -->","yoast_head_json":{"title":"Gelecek Projeler - Tor Yap\u0131","description":"Projelerimizden haberdar olmak ve bizlerle i\u015f birliktelikleri yapmak i\u00e7in bize ula\u015fabilirsiniz. bize ula\u015fabilirsiniz. Adile Na\u015fit Blv. Aris...","robots":{"index":"index","follow":"follow","max-snippet":"max-snippet:-1","max-image-preview":"max-image-preview:large","max-video-preview":"max-video-preview:-1"},"canonical":"https:\/\/toryapi.com.tr\/en\/gelecek-projeler\/","og_locale":"en_GB","og_type":"article","og_title":"Gelecek Projeler - Tor Yap\u0131","og_description":"Projelerimizden haberdar olmak ve bizlerle i\u015f birliktelikleri yapmak i\u00e7in bize ula\u015fabilirsiniz. bize ula\u015fabilirsiniz. Adile Na\u015fit Blv. Aris...","og_url":"https:\/\/toryapi.com.tr\/en\/gelecek-projeler\/","og_site_name":"Tor Yap\u0131","article_publisher":"https:\/\/www.facebook.com\/toryapiofficial","article_modified_time":"2023-02-15T09:14:37+00:00","og_image":[{"url":"https:\/\/toryapi.com.tr\/wp-content\/uploads\/2023\/02\/tor-finans-sehir-umraniye-tor-yapi.png"}],"twitter_card":"summary_large_image","twitter_misc":{"Estimated reading time":"1 minute"},"schema":{"@context":"https:\/\/schema.org","@graph":[{"@type":"WebPage","@id":"https:\/\/toryapi.com.tr\/gelecek-projeler\/","url":"https:\/\/toryapi.com.tr\/gelecek-projeler\/","name":"Gelecek Projeler - Tor Yap\u0131","isPartOf":{"@id":"https:\/\/toryapi.com.tr\/#website"},"primaryImageOfPage":{"@id":"https:\/\/toryapi.com.tr\/gelecek-projeler\/#primaryimage"},"image":{"@id":"https:\/\/toryapi.com.tr\/gelecek-projeler\/#primaryimage"},"thumbnailUrl":"https:\/\/toryapi.com.tr\/wp-content\/uploads\/2023\/02\/tor-finans-sehir-umraniye-tor-yapi.png","datePublished":"2023-02-08T15:47:48+00:00","dateModified":"2023-02-15T09:14:37+00:00","description":"Projelerimizden haberdar olmak ve bizlerle i\u015f birliktelikleri yapmak i\u00e7in bize ula\u015fabilirsiniz. bize ula\u015fabilirsiniz. Adile Na\u015fit Blv. Aris...","breadcrumb":{"@id":"https:\/\/toryapi.com.tr\/gelecek-projeler\/#breadcrumb"},"inLanguage":"en-GB","potentialAction":[{"@type":"ReadAction","target":["https:\/\/toryapi.com.tr\/gelecek-projeler\/"]}]},{"@type":"ImageObject","inLanguage":"en-GB","@id":"https:\/\/toryapi.com.tr\/gelecek-projeler\/#primaryimage","url":"https:\/\/toryapi.com.tr\/wp-content\/uploads\/2023\/02\/tor-finans-sehir-umraniye-tor-yapi.png","contentUrl":"https:\/\/toryapi.com.tr\/wp-content\/uploads\/2023\/02\/tor-finans-sehir-umraniye-tor-yapi.png","width":1541,"height":861},{"@type":"BreadcrumbList","@id":"https:\/\/toryapi.com.tr\/gelecek-projeler\/#breadcrumb","itemListElement":[{"@type":"ListItem","position":1,"name":"Anasayfa","item":"https:\/\/toryapi.com.tr\/"},{"@type":"ListItem","position":2,"name":"Gelecek Projeler"}]},{"@type":"WebSite","@id":"https:\/\/toryapi.com.tr\/#website","url":"https:\/\/toryapi.com.tr\/","name":"Tor Yap\u0131","description":"\u0130n\u015faat, M\u00fcteahhitlik, Mimarl\u0131k, Proje","publisher":{"@id":"https:\/\/toryapi.com.tr\/#organization"},"potentialAction":[{"@type":"SearchAction","target":{"@type":"EntryPoint","urlTemplate":"https:\/\/toryapi.com.tr\/?s={search_term_string}"},"query-input":"required name=search_term_string"}],"inLanguage":"en-GB"},{"@type":"Organization","@id":"https:\/\/toryapi.com.tr\/#organization","name":"Tor Yap\u0131","url":"https:\/\/toryapi.com.tr\/","logo":{"@type":"ImageObject","inLanguage":"en-GB","@id":"https:\/\/toryapi.com.tr\/#\/schema\/logo\/image\/","url":"https:\/\/toryapi.com.tr\/wp-content\/uploads\/2023\/02\/tor-yapi-new-logo.png","contentUrl":"https:\/\/toryapi.com.tr\/wp-content\/uploads\/2023\/02\/tor-yapi-new-logo.png","width":150,"height":26,"caption":"Tor Yap\u0131"},"image":{"@id":"https:\/\/toryapi.com.tr\/#\/schema\/logo\/image\/"},"sameAs":["https:\/\/www.facebook.com\/toryapiofficial","https:\/\/www.instagram.com\/tor.yapi\/"]}]}},"_links":{"self":[{"href":"https:\/\/toryapi.com.tr\/en\/wp-json\/wp\/v2\/pages\/2268","targetHints":{"allow":["GET"]}}],"collection":[{"href":"https:\/\/toryapi.com.tr\/en\/wp-json\/wp\/v2\/pages"}],"about":[{"href":"https:\/\/toryapi.com.tr\/en\/wp-json\/wp\/v2\/types\/page"}],"author":[{"embeddable":true,"href":"https:\/\/toryapi.com.tr\/en\/wp-json\/wp\/v2\/users\/3"}],"replies":[{"embeddable":true,"href":"https:\/\/toryapi.com.tr\/en\/wp-json\/wp\/v2\/comments?post=2268"}],"version-history":[{"count":10,"href":"https:\/\/toryapi.com.tr\/en\/wp-json\/wp\/v2\/pages\/2268\/revisions"}],"predecessor-version":[{"id":2323,"href":"https:\/\/toryapi.com.tr\/en\/wp-json\/wp\/v2\/pages\/2268\/revisions\/2323"}],"wp:attachment":[{"href":"https:\/\/toryapi.com.tr\/en\/wp-json\/wp\/v2\/media?parent=2268"}],"curies":[{"name":"wp","href":"https:\/\/api.w.org\/{rel}","templated":true}]}}