{"id":2254,"date":"2023-02-08T18:13:26","date_gmt":"2023-02-08T15:13:26","guid":{"rendered":"https:\/\/toryapi.com.tr\/?page_id=2254"},"modified":"2023-02-08T18:14:11","modified_gmt":"2023-02-08T15:14:11","slug":"devam-eden-projeler","status":"publish","type":"page","link":"https:\/\/toryapi.com.tr\/en\/devam-eden-projeler\/","title":{"rendered":"On-going Projects"},"content":{"rendered":"<div data-elementor-type=\"wp-page\" data-elementor-id=\"2254\" class=\"elementor elementor-2254\">\n\t\t\t\t\t\t<section class=\"elementor-section elementor-top-section elementor-element elementor-element-ab9d0ae elementor-section-os-boxed elementor-section-height-default elementor-section-height-default\" data-id=\"ab9d0ae\" data-element_type=\"section\">\n\t\t\t\t\t\t<div class=\"elementor-container elementor-column-gap-30\">\n\t\t\t\t\t<div class=\"elementor-column elementor-col-100 elementor-top-column elementor-element elementor-element-854c314\" data-id=\"854c314\" data-element_type=\"column\">\n\t\t\t<div class=\"elementor-widget-wrap elementor-element-populated\">\n\t\t\t\t\t\t<div class=\"elementor-element elementor-element-1e57699 elementor-widget elementor-widget-os-heading-title\" data-id=\"1e57699\" data-element_type=\"widget\" data-widget_type=\"os-heading-title.default\">\n\t\t\t\t<div class=\"elementor-widget-container\">\n\t\t\t\n<div class=\"os-heading os-heading-s1 -text-left\">\n\n            <h3 class=\"os-heading__sub-title -d-inline-flex -vertical-center -mb-15 -mb-md-20\">Our Projects<\/h3>\n    \n            <h2 class=\"os-heading__title -mb-20\">On-going Projects<\/h2>\n    \n    \n<\/div>\t\t<\/div>\n\t\t\t\t<\/div>\n\t\t\t\t\t<\/div>\n\t\t<\/div>\n\t\t\t\t\t<\/div>\n\t\t<\/section>\n\t\t\t\t<section class=\"elementor-section elementor-top-section elementor-element elementor-element-d26f9d4 elementor-section-os-boxed elementor-section-height-default elementor-section-height-default\" data-id=\"d26f9d4\" data-element_type=\"section\">\n\t\t\t\t\t\t<div class=\"elementor-container elementor-column-gap-30\">\n\t\t\t\t\t<div class=\"elementor-column elementor-col-100 elementor-top-column elementor-element elementor-element-7112b5d\" data-id=\"7112b5d\" data-element_type=\"column\">\n\t\t\t<div class=\"elementor-widget-wrap elementor-element-populated\">\n\t\t\t\t\t\t<div class=\"elementor-element elementor-element-f558f2b elementor-widget elementor-widget-os-project-grid\" data-id=\"f558f2b\" data-element_type=\"widget\" data-widget_type=\"os-project-grid.default\">\n\t\t\t\t<div class=\"elementor-widget-container\">\n\t\t\t\n        <div class=\"os-poli-grid os-poli-grid-s1\">\n\n            <div class=\"row gy-30 gx-30\">\n\n                \n                    <div class=\"col-12 col-xl-4\">\n                    \n                        <article class=\"os-project os-project-s1 -pos-relative post-1886 project type-project status-publish has-post-thumbnail hentry project_type-devam-eden-projelerimiz project_location-beylikduzu project_location-istanbul\">\n\n            <a class=\"os-project__thumbnail -img-hover-zoom -d-block -pos-relative os-cover-img\" href=\"https:\/\/toryapi.com.tr\/en\/project\/tor-beylikduzu\/\">\n            <img fetchpriority=\"high\" decoding=\"async\" width=\"2560\" height=\"1703\" src=\"https:\/\/toryapi.com.tr\/wp-content\/uploads\/2021\/05\/Outdoor13-scaled.jpg\" class=\"attachment-full size-full wp-image-1882\" alt=\"\" srcset=\"https:\/\/toryapi.com.tr\/wp-content\/uploads\/2021\/05\/Outdoor13-scaled.jpg 2560w, https:\/\/toryapi.com.tr\/wp-content\/uploads\/2021\/05\/Outdoor13-300x200.jpg 300w, https:\/\/toryapi.com.tr\/wp-content\/uploads\/2021\/05\/Outdoor13-1024x681.jpg 1024w, https:\/\/toryapi.com.tr\/wp-content\/uploads\/2021\/05\/Outdoor13-1536x1022.jpg 1536w, https:\/\/toryapi.com.tr\/wp-content\/uploads\/2021\/05\/Outdoor13-2048x1363.jpg 2048w\" sizes=\"(max-width: 2560px) 100vw, 2560px\" \/>        <\/a>\n    \n    <div class=\"os-project__entry -pos-relative\">\n\n        <h2 class=\"os-project__title\"><a href=\"https:\/\/toryapi.com.tr\/en\/project\/tor-beylikduzu\/\" class=\"c-hover-primary\" title=\"Tor Beylikduzu\">Tor Beylikduzu<\/a><\/h2>\n\n        \n                    <div class=\"os-project__text\">Beylikduzu, Istanbul<\/div>\n        \n        \n        \n    <\/div>\n\n<\/article>\n                    <\/div>\n\n                \n            <\/div>\n\n        <\/div>\n        \n        \t\t<\/div>\n\t\t\t\t<\/div>\n\t\t\t\t\t<\/div>\n\t\t<\/div>\n\t\t\t\t\t<\/div>\n\t\t<\/section>\n\t\t\t\t<\/div>","protected":false},"excerpt":{"rendered":"<p>Projelerimiz Devam Eden Projeler Tor Beylikd\u00fcz\u00fc Beylikd\u00fcz\u00fc, \u0130stanbul<\/p>","protected":false},"author":3,"featured_media":0,"parent":0,"menu_order":0,"comment_status":"closed","ping_status":"closed","template":"templates\/page-elementor.php","meta":{"footnotes":""},"class_list":["post-2254","page","type-page","status-publish","hentry"],"yoast_head":"<!-- This site is optimized with the Yoast SEO plugin v22.2 - https:\/\/yoast.com\/wordpress\/plugins\/seo\/ -->\n<title>Devam Eden Projeler - Tor Yap\u0131<\/title>\n<meta name=\"description\" content=\"Projelerimizden haberdar olmak ve bizlerle i\u015f birliktelikleri yapmak i\u00e7in bize ula\u015fabilirsiniz. bize ula\u015fabilirsiniz. Adile Na\u015fit Blv. Aris...\" \/>\n<meta name=\"robots\" content=\"index, follow, max-snippet:-1, max-image-preview:large, max-video-preview:-1\" \/>\n<link rel=\"canonical\" href=\"https:\/\/toryapi.com.tr\/en\/devam-eden-projeler\/\" \/>\n<meta property=\"og:locale\" content=\"en_GB\" \/>\n<meta property=\"og:type\" content=\"article\" \/>\n<meta property=\"og:title\" content=\"Devam Eden Projeler - Tor Yap\u0131\" \/>\n<meta property=\"og:description\" content=\"Projelerimizden haberdar olmak ve bizlerle i\u015f birliktelikleri yapmak i\u00e7in bize ula\u015fabilirsiniz. bize ula\u015fabilirsiniz. Adile Na\u015fit Blv. Aris...\" \/>\n<meta property=\"og:url\" content=\"https:\/\/toryapi.com.tr\/en\/devam-eden-projeler\/\" \/>\n<meta property=\"og:site_name\" content=\"Tor Yap\u0131\" \/>\n<meta property=\"article:publisher\" content=\"https:\/\/www.facebook.com\/toryapiofficial\" \/>\n<meta property=\"article:modified_time\" content=\"2023-02-08T15:14:11+00:00\" \/>\n<meta property=\"og:image\" content=\"https:\/\/toryapi.com.tr\/wp-content\/uploads\/2021\/05\/Outdoor13-scaled.jpg\" \/>\n<meta name=\"twitter:card\" content=\"summary_large_image\" \/>\n<meta name=\"twitter:label1\" content=\"Estimated reading time\" \/>\n\t<meta name=\"twitter:data1\" content=\"2 minutes\" \/>\n<script type=\"application\/ld+json\" class=\"yoast-schema-graph\">{\"@context\":\"https:\/\/schema.org\",\"@graph\":[{\"@type\":\"WebPage\",\"@id\":\"https:\/\/toryapi.com.tr\/devam-eden-projeler\/\",\"url\":\"https:\/\/toryapi.com.tr\/devam-eden-projeler\/\",\"name\":\"Devam Eden Projeler - Tor Yap\u0131\",\"isPartOf\":{\"@id\":\"https:\/\/toryapi.com.tr\/#website\"},\"primaryImageOfPage\":{\"@id\":\"https:\/\/toryapi.com.tr\/devam-eden-projeler\/#primaryimage\"},\"image\":{\"@id\":\"https:\/\/toryapi.com.tr\/devam-eden-projeler\/#primaryimage\"},\"thumbnailUrl\":\"https:\/\/toryapi.com.tr\/wp-content\/uploads\/2021\/05\/Outdoor13-scaled.jpg\",\"datePublished\":\"2023-02-08T15:13:26+00:00\",\"dateModified\":\"2023-02-08T15:14:11+00:00\",\"description\":\"Projelerimizden haberdar olmak ve bizlerle i\u015f birliktelikleri yapmak i\u00e7in bize ula\u015fabilirsiniz. bize ula\u015fabilirsiniz. Adile Na\u015fit Blv. Aris...\",\"breadcrumb\":{\"@id\":\"https:\/\/toryapi.com.tr\/devam-eden-projeler\/#breadcrumb\"},\"inLanguage\":\"en-GB\",\"potentialAction\":[{\"@type\":\"ReadAction\",\"target\":[\"https:\/\/toryapi.com.tr\/devam-eden-projeler\/\"]}]},{\"@type\":\"ImageObject\",\"inLanguage\":\"en-GB\",\"@id\":\"https:\/\/toryapi.com.tr\/devam-eden-projeler\/#primaryimage\",\"url\":\"https:\/\/toryapi.com.tr\/wp-content\/uploads\/2021\/05\/Outdoor13-scaled.jpg\",\"contentUrl\":\"https:\/\/toryapi.com.tr\/wp-content\/uploads\/2021\/05\/Outdoor13-scaled.jpg\",\"width\":2560,\"height\":1703},{\"@type\":\"BreadcrumbList\",\"@id\":\"https:\/\/toryapi.com.tr\/devam-eden-projeler\/#breadcrumb\",\"itemListElement\":[{\"@type\":\"ListItem\",\"position\":1,\"name\":\"Anasayfa\",\"item\":\"https:\/\/toryapi.com.tr\/\"},{\"@type\":\"ListItem\",\"position\":2,\"name\":\"Devam Eden Projeler\"}]},{\"@type\":\"WebSite\",\"@id\":\"https:\/\/toryapi.com.tr\/#website\",\"url\":\"https:\/\/toryapi.com.tr\/\",\"name\":\"Tor Yap\u0131\",\"description\":\"\u0130n\u015faat, M\u00fcteahhitlik, Mimarl\u0131k, Proje\",\"publisher\":{\"@id\":\"https:\/\/toryapi.com.tr\/#organization\"},\"potentialAction\":[{\"@type\":\"SearchAction\",\"target\":{\"@type\":\"EntryPoint\",\"urlTemplate\":\"https:\/\/toryapi.com.tr\/?s={search_term_string}\"},\"query-input\":\"required name=search_term_string\"}],\"inLanguage\":\"en-GB\"},{\"@type\":\"Organization\",\"@id\":\"https:\/\/toryapi.com.tr\/#organization\",\"name\":\"Tor Yap\u0131\",\"url\":\"https:\/\/toryapi.com.tr\/\",\"logo\":{\"@type\":\"ImageObject\",\"inLanguage\":\"en-GB\",\"@id\":\"https:\/\/toryapi.com.tr\/#\/schema\/logo\/image\/\",\"url\":\"https:\/\/toryapi.com.tr\/wp-content\/uploads\/2023\/02\/tor-yapi-new-logo.png\",\"contentUrl\":\"https:\/\/toryapi.com.tr\/wp-content\/uploads\/2023\/02\/tor-yapi-new-logo.png\",\"width\":150,\"height\":26,\"caption\":\"Tor Yap\u0131\"},\"image\":{\"@id\":\"https:\/\/toryapi.com.tr\/#\/schema\/logo\/image\/\"},\"sameAs\":[\"https:\/\/www.facebook.com\/toryapiofficial\",\"https:\/\/www.instagram.com\/tor.yapi\/\"]}]}<\/script>\n<!-- \/ Yoast SEO plugin. -->","yoast_head_json":{"title":"Devam Eden Projeler - Tor Yap\u0131","description":"Projelerimizden haberdar olmak ve bizlerle i\u015f birliktelikleri yapmak i\u00e7in bize ula\u015fabilirsiniz. bize ula\u015fabilirsiniz. Adile Na\u015fit Blv. Aris...","robots":{"index":"index","follow":"follow","max-snippet":"max-snippet:-1","max-image-preview":"max-image-preview:large","max-video-preview":"max-video-preview:-1"},"canonical":"https:\/\/toryapi.com.tr\/en\/devam-eden-projeler\/","og_locale":"en_GB","og_type":"article","og_title":"Devam Eden Projeler - Tor Yap\u0131","og_description":"Projelerimizden haberdar olmak ve bizlerle i\u015f birliktelikleri yapmak i\u00e7in bize ula\u015fabilirsiniz. bize ula\u015fabilirsiniz. Adile Na\u015fit Blv. Aris...","og_url":"https:\/\/toryapi.com.tr\/en\/devam-eden-projeler\/","og_site_name":"Tor Yap\u0131","article_publisher":"https:\/\/www.facebook.com\/toryapiofficial","article_modified_time":"2023-02-08T15:14:11+00:00","og_image":[{"url":"https:\/\/toryapi.com.tr\/wp-content\/uploads\/2021\/05\/Outdoor13-scaled.jpg"}],"twitter_card":"summary_large_image","twitter_misc":{"Estimated reading time":"2 minutes"},"schema":{"@context":"https:\/\/schema.org","@graph":[{"@type":"WebPage","@id":"https:\/\/toryapi.com.tr\/devam-eden-projeler\/","url":"https:\/\/toryapi.com.tr\/devam-eden-projeler\/","name":"Devam Eden Projeler - Tor Yap\u0131","isPartOf":{"@id":"https:\/\/toryapi.com.tr\/#website"},"primaryImageOfPage":{"@id":"https:\/\/toryapi.com.tr\/devam-eden-projeler\/#primaryimage"},"image":{"@id":"https:\/\/toryapi.com.tr\/devam-eden-projeler\/#primaryimage"},"thumbnailUrl":"https:\/\/toryapi.com.tr\/wp-content\/uploads\/2021\/05\/Outdoor13-scaled.jpg","datePublished":"2023-02-08T15:13:26+00:00","dateModified":"2023-02-08T15:14:11+00:00","description":"Projelerimizden haberdar olmak ve bizlerle i\u015f birliktelikleri yapmak i\u00e7in bize ula\u015fabilirsiniz. bize ula\u015fabilirsiniz. Adile Na\u015fit Blv. Aris...","breadcrumb":{"@id":"https:\/\/toryapi.com.tr\/devam-eden-projeler\/#breadcrumb"},"inLanguage":"en-GB","potentialAction":[{"@type":"ReadAction","target":["https:\/\/toryapi.com.tr\/devam-eden-projeler\/"]}]},{"@type":"ImageObject","inLanguage":"en-GB","@id":"https:\/\/toryapi.com.tr\/devam-eden-projeler\/#primaryimage","url":"https:\/\/toryapi.com.tr\/wp-content\/uploads\/2021\/05\/Outdoor13-scaled.jpg","contentUrl":"https:\/\/toryapi.com.tr\/wp-content\/uploads\/2021\/05\/Outdoor13-scaled.jpg","width":2560,"height":1703},{"@type":"BreadcrumbList","@id":"https:\/\/toryapi.com.tr\/devam-eden-projeler\/#breadcrumb","itemListElement":[{"@type":"ListItem","position":1,"name":"Anasayfa","item":"https:\/\/toryapi.com.tr\/"},{"@type":"ListItem","position":2,"name":"Devam Eden Projeler"}]},{"@type":"WebSite","@id":"https:\/\/toryapi.com.tr\/#website","url":"https:\/\/toryapi.com.tr\/","name":"Tor Yap\u0131","description":"\u0130n\u015faat, M\u00fcteahhitlik, Mimarl\u0131k, Proje","publisher":{"@id":"https:\/\/toryapi.com.tr\/#organization"},"potentialAction":[{"@type":"SearchAction","target":{"@type":"EntryPoint","urlTemplate":"https:\/\/toryapi.com.tr\/?s={search_term_string}"},"query-input":"required name=search_term_string"}],"inLanguage":"en-GB"},{"@type":"Organization","@id":"https:\/\/toryapi.com.tr\/#organization","name":"Tor Yap\u0131","url":"https:\/\/toryapi.com.tr\/","logo":{"@type":"ImageObject","inLanguage":"en-GB","@id":"https:\/\/toryapi.com.tr\/#\/schema\/logo\/image\/","url":"https:\/\/toryapi.com.tr\/wp-content\/uploads\/2023\/02\/tor-yapi-new-logo.png","contentUrl":"https:\/\/toryapi.com.tr\/wp-content\/uploads\/2023\/02\/tor-yapi-new-logo.png","width":150,"height":26,"caption":"Tor Yap\u0131"},"image":{"@id":"https:\/\/toryapi.com.tr\/#\/schema\/logo\/image\/"},"sameAs":["https:\/\/www.facebook.com\/toryapiofficial","https:\/\/www.instagram.com\/tor.yapi\/"]}]}},"_links":{"self":[{"href":"https:\/\/toryapi.com.tr\/en\/wp-json\/wp\/v2\/pages\/2254","targetHints":{"allow":["GET"]}}],"collection":[{"href":"https:\/\/toryapi.com.tr\/en\/wp-json\/wp\/v2\/pages"}],"about":[{"href":"https:\/\/toryapi.com.tr\/en\/wp-json\/wp\/v2\/types\/page"}],"author":[{"embeddable":true,"href":"https:\/\/toryapi.com.tr\/en\/wp-json\/wp\/v2\/users\/3"}],"replies":[{"embeddable":true,"href":"https:\/\/toryapi.com.tr\/en\/wp-json\/wp\/v2\/comments?post=2254"}],"version-history":[{"count":5,"href":"https:\/\/toryapi.com.tr\/en\/wp-json\/wp\/v2\/pages\/2254\/revisions"}],"predecessor-version":[{"id":2262,"href":"https:\/\/toryapi.com.tr\/en\/wp-json\/wp\/v2\/pages\/2254\/revisions\/2262"}],"wp:attachment":[{"href":"https:\/\/toryapi.com.tr\/en\/wp-json\/wp\/v2\/media?parent=2254"}],"curies":[{"name":"wp","href":"https:\/\/api.w.org\/{rel}","templated":true}]}}