{"id":22,"date":"2021-04-28T04:06:52","date_gmt":"2021-04-28T01:06:52","guid":{"rendered":"https:\/\/vella.bluethemez.com\/?page_id=22"},"modified":"2022-08-15T18:37:38","modified_gmt":"2022-08-15T15:37:38","slug":"iletisim","status":"publish","type":"page","link":"https:\/\/toryapi.com.tr\/en\/iletisim\/","title":{"rendered":"Contact Us"},"content":{"rendered":"<div data-elementor-type=\"wp-page\" data-elementor-id=\"22\" class=\"elementor elementor-22\">\n\t\t\t\t\t\t<section class=\"elementor-section elementor-top-section elementor-element elementor-element-5bc2ff6 elementor-section-full_width elementor-section-height-default elementor-section-height-default\" data-id=\"5bc2ff6\" data-element_type=\"section\">\n\t\t\t\t\t\t<div class=\"elementor-container elementor-column-gap-no\">\n\t\t\t\t\t<div class=\"elementor-column elementor-col-100 elementor-top-column elementor-element elementor-element-5e49fcd\" data-id=\"5e49fcd\" data-element_type=\"column\">\n\t\t\t<div class=\"elementor-widget-wrap elementor-element-populated\">\n\t\t\t\t\t\t<div class=\"elementor-element elementor-element-cdcacbc elementor-widget elementor-widget-os-map\" data-id=\"cdcacbc\" data-element_type=\"widget\" data-widget_type=\"os-map.default\">\n\t\t\t\t<div class=\"elementor-widget-container\">\n\t\t\t\n        <div class=\"os-map os-map-shortcode\" data-map=\"{&quot;center_latitude&quot;:&quot;41.01682060282975&quot;,&quot;center_longitude&quot;:&quot;28.682104696427665&quot;,&quot;zoom&quot;:16,&quot;maxZoom&quot;:18,&quot;popupMaxWidth&quot;:290,&quot;scrollwheel&quot;:false,&quot;zoomControl&quot;:true,&quot;mapTypeControl&quot;:true,&quot;scaleControl&quot;:true,&quot;streetViewControl&quot;:true,&quot;rotateControl&quot;:true,&quot;fullscreenControl&quot;:true,&quot;locations&quot;:[{&quot;latitude&quot;:&quot;41.01682060282975&quot;,&quot;longitude&quot;:&quot;28.682104696427665&quot;,&quot;title&quot;:&quot;Tor Yap\\u0131&quot;,&quot;_id&quot;:&quot;265b669&quot;,&quot;description&quot;:&quot;&quot;}]}\"><\/div>\n\n        \t\t<\/div>\n\t\t\t\t<\/div>\n\t\t\t\t\t<\/div>\n\t\t<\/div>\n\t\t\t\t\t<\/div>\n\t\t<\/section>\n\t\t\t\t<section class=\"elementor-section elementor-top-section elementor-element elementor-element-ab9d0ae elementor-section-os-boxed elementor-section-height-default elementor-section-height-default\" data-id=\"ab9d0ae\" data-element_type=\"section\">\n\t\t\t\t\t\t<div class=\"elementor-container elementor-column-gap-30\">\n\t\t\t\t\t<div class=\"elementor-column elementor-col-50 elementor-top-column elementor-element elementor-element-854c314\" data-id=\"854c314\" data-element_type=\"column\">\n\t\t\t<div class=\"elementor-widget-wrap elementor-element-populated\">\n\t\t\t\t\t\t<div class=\"elementor-element elementor-element-97aa90c elementor-widget elementor-widget-heading\" data-id=\"97aa90c\" data-element_type=\"widget\" data-widget_type=\"heading.default\">\n\t\t\t\t<div class=\"elementor-widget-container\">\n\t\t\t<style>\/*! elementor - v3.20.0 - 11-03-2024 *\/\n.elementor-heading-title{padding:0;margin:0;line-height:1}.elementor-widget-heading .elementor-heading-title[class*=elementor-size-]>a{color:inherit;font-size:inherit;line-height:inherit}.elementor-widget-heading .elementor-heading-title.elementor-size-small{font-size:15px}.elementor-widget-heading .elementor-heading-title.elementor-size-medium{font-size:19px}.elementor-widget-heading .elementor-heading-title.elementor-size-large{font-size:29px}.elementor-widget-heading .elementor-heading-title.elementor-size-xl{font-size:39px}.elementor-widget-heading .elementor-heading-title.elementor-size-xxl{font-size:59px}<\/style><span class=\"elementor-heading-title elementor-size-default\">Contact Us<\/span>\t\t<\/div>\n\t\t\t\t<\/div>\n\t\t\t\t<div class=\"elementor-element elementor-element-6fcb66b elementor-widget elementor-widget-heading\" data-id=\"6fcb66b\" data-element_type=\"widget\" data-widget_type=\"heading.default\">\n\t\t\t\t<div class=\"elementor-widget-container\">\n\t\t\t<h2 class=\"elementor-heading-title elementor-size-default\">Contact Us<\/h2>\t\t<\/div>\n\t\t\t\t<\/div>\n\t\t\t\t<div class=\"elementor-element elementor-element-91a24aa elementor-widget elementor-widget-text-editor\" data-id=\"91a24aa\" data-element_type=\"widget\" data-widget_type=\"text-editor.default\">\n\t\t\t\t<div class=\"elementor-widget-container\">\n\t\t\t<style>\/*! elementor - v3.20.0 - 11-03-2024 *\/\n.elementor-widget-text-editor.elementor-drop-cap-view-stacked .elementor-drop-cap{background-color:#69727d;color:#fff}.elementor-widget-text-editor.elementor-drop-cap-view-framed .elementor-drop-cap{color:#69727d;border:3px solid;background-color:transparent}.elementor-widget-text-editor:not(.elementor-drop-cap-view-default) .elementor-drop-cap{margin-top:8px}.elementor-widget-text-editor:not(.elementor-drop-cap-view-default) .elementor-drop-cap-letter{width:1em;height:1em}.elementor-widget-text-editor .elementor-drop-cap{float:left;text-align:center;line-height:1;font-size:50px}.elementor-widget-text-editor .elementor-drop-cap-letter{display:inline-block}<\/style>\t\t\t\t<p>You can contact us to be informed about our projects and to cooperate with us.<\/p>\t\t\t\t\t\t<\/div>\n\t\t\t\t<\/div>\n\t\t\t\t<div class=\"elementor-element elementor-element-beee04f elementor-widget elementor-widget-heading\" data-id=\"beee04f\" data-element_type=\"widget\" data-widget_type=\"heading.default\">\n\t\t\t\t<div class=\"elementor-widget-container\">\n\t\t\t<h6 class=\"elementor-heading-title elementor-size-default\">Our Headquarters<\/h6>\t\t<\/div>\n\t\t\t\t<\/div>\n\t\t\t\t<div class=\"elementor-element elementor-element-694ef88 elementor-widget__width-initial elementor-widget-mobile__width-inherit elementor-icon-list--layout-traditional elementor-list-item-link-full_width elementor-widget elementor-widget-icon-list\" data-id=\"694ef88\" data-element_type=\"widget\" data-widget_type=\"icon-list.default\">\n\t\t\t\t<div class=\"elementor-widget-container\">\n\t\t\t<link rel=\"stylesheet\" href=\"https:\/\/toryapi.com.tr\/wp-content\/plugins\/elementor\/assets\/css\/widget-icon-list.min.css\">\t\t<ul class=\"elementor-icon-list-items\">\n\t\t\t\t\t\t\t<li class=\"elementor-icon-list-item\">\n\t\t\t\t\t\t\t\t\t\t\t<a href=\"https:\/\/goo.gl\/maps\/5wAjBYnbgofh1HRE7\">\n\n\t\t\t\t\t\t\t\t\t\t\t\t<span class=\"elementor-icon-list-icon\">\n\t\t\t\t\t\t\t<i aria-hidden=\"true\" class=\"fas fa-map-marker-alt\"><\/i>\t\t\t\t\t\t<\/span>\n\t\t\t\t\t\t\t\t\t\t<span class=\"elementor-icon-list-text\">Adile Na\u015fit Blv. Aris Grand Tower No: 312 Esenyurt \/ \u0130ST<\/span>\n\t\t\t\t\t\t\t\t\t\t\t<\/a>\n\t\t\t\t\t\t\t\t\t<\/li>\n\t\t\t\t\t\t\t\t<li class=\"elementor-icon-list-item\">\n\t\t\t\t\t\t\t\t\t\t\t<span class=\"elementor-icon-list-icon\">\n\t\t\t\t\t\t\t<i aria-hidden=\"true\" class=\"far fa-envelope\"><\/i>\t\t\t\t\t\t<\/span>\n\t\t\t\t\t\t\t\t\t\t<span class=\"elementor-icon-list-text\">info@toryapi.com.tr<\/span>\n\t\t\t\t\t\t\t\t\t<\/li>\n\t\t\t\t\t\t\t\t<li class=\"elementor-icon-list-item\">\n\t\t\t\t\t\t\t\t\t\t\t<a href=\"tel:00902122717575\">\n\n\t\t\t\t\t\t\t\t\t\t\t\t<span class=\"elementor-icon-list-icon\">\n\t\t\t\t\t\t\t<i aria-hidden=\"true\" class=\"fas fa-phone-alt\"><\/i>\t\t\t\t\t\t<\/span>\n\t\t\t\t\t\t\t\t\t\t<span class=\"elementor-icon-list-text\">+90 212 271 75 75<\/span>\n\t\t\t\t\t\t\t\t\t\t\t<\/a>\n\t\t\t\t\t\t\t\t\t<\/li>\n\t\t\t\t\t\t<\/ul>\n\t\t\t\t<\/div>\n\t\t\t\t<\/div>\n\t\t\t\t\t<\/div>\n\t\t<\/div>\n\t\t\t\t<div class=\"elementor-column elementor-col-50 elementor-top-column elementor-element elementor-element-a88b62e\" data-id=\"a88b62e\" data-element_type=\"column\">\n\t\t\t<div class=\"elementor-widget-wrap elementor-element-populated\">\n\t\t\t\t\t\t<section class=\"elementor-section elementor-inner-section elementor-element elementor-element-73913d0 elementor-section-full_width elementor-section-height-default elementor-section-height-default\" data-id=\"73913d0\" data-element_type=\"section\">\n\t\t\t\t\t\t<div class=\"elementor-container elementor-column-gap-no\">\n\t\t\t\t\t<div class=\"elementor-column elementor-col-100 elementor-inner-column elementor-element elementor-element-8ced916\" data-id=\"8ced916\" data-element_type=\"column\">\n\t\t\t<div class=\"elementor-widget-wrap elementor-element-populated\">\n\t\t\t\t\t\t<div class=\"elementor-element elementor-element-b4454b6 elementor-widget elementor-widget-os-contact-form7\" data-id=\"b4454b6\" data-element_type=\"widget\" data-widget_type=\"os-contact-form7.default\">\n\t\t\t\t<div class=\"elementor-widget-container\">\n\t\t\t\n        <div class=\"os-wpcf7\">\n            \n<div class=\"wpcf7 no-js\" id=\"wpcf7-f666-o1\" lang=\"en-US\" dir=\"ltr\">\n<div class=\"screen-reader-response\"><p role=\"status\" aria-live=\"polite\" aria-atomic=\"true\"><\/p> <ul><\/ul><\/div>\n<form action=\"\/en\/wp-json\/wp\/v2\/pages\/22#wpcf7-f666-o1\" method=\"post\" class=\"wpcf7-form init\" aria-label=\"Contact form\" novalidate=\"novalidate\" data-status=\"init\" data-trp-original-action=\"\/en\/wp-json\/wp\/v2\/pages\/22#wpcf7-f666-o1\">\n<div style=\"display: none;\">\n<input type=\"hidden\" name=\"_wpcf7\" value=\"666\" \/>\n<input type=\"hidden\" name=\"_wpcf7_version\" value=\"5.9\" \/>\n<input type=\"hidden\" name=\"_wpcf7_locale\" value=\"en_US\" \/>\n<input type=\"hidden\" name=\"_wpcf7_unit_tag\" value=\"wpcf7-f666-o1\" \/>\n<input type=\"hidden\" name=\"_wpcf7_container_post\" value=\"0\" \/>\n<input type=\"hidden\" name=\"_wpcf7_posted_data_hash\" value=\"\" \/>\n<\/div>\n<div class=\"row gy-30\">\n\t<div class=\"col-12\">\n\t\t<p><span class=\"wpcf7-form-control-wrap\" data-name=\"your-name\"><input size=\"40\" class=\"wpcf7-form-control wpcf7-text wpcf7-validates-as-required\" aria-required=\"true\" aria-invalid=\"false\" placeholder=\"What is your name?\" value=\"\" type=\"text\" name=\"your-name\" \/><\/span>\n\t\t<\/p>\n\t<\/div>\n\t<div class=\"col-12\">\n\t\t<p><span class=\"wpcf7-form-control-wrap\" data-name=\"your-email\"><input size=\"40\" class=\"wpcf7-form-control wpcf7-email wpcf7-validates-as-required wpcf7-text wpcf7-validates-as-email\" aria-required=\"true\" aria-invalid=\"false\" placeholder=\"E-mail Address\" value=\"\" type=\"email\" name=\"your-email\" \/><\/span>\n\t\t<\/p>\n\t<\/div>\n\t<div class=\"col-12\">\n\t\t<p><span class=\"wpcf7-form-control-wrap\" data-name=\"tel-129\"><input size=\"40\" class=\"wpcf7-form-control wpcf7-tel wpcf7-text wpcf7-validates-as-tel\" aria-invalid=\"false\" placeholder=\"Phone number with the country code. E.g. +902124716969\" value=\"\" type=\"tel\" name=\"tel-129\" \/><\/span>\n\t\t<\/p>\n\t<\/div>\n\t<div class=\"col-12\">\n\t\t<p><span class=\"wpcf7-form-control-wrap\" data-name=\"your-message\"><textarea cols=\"40\" rows=\"6\" class=\"wpcf7-form-control wpcf7-textarea\" aria-invalid=\"false\" placeholder=\"Message\" name=\"your-message\"><\/textarea><\/span>\n\t\t<\/p>\n\t<\/div>\n\t<div class=\"col-12\">\n\t\t<p><button class=\"-btn -btn--primary -btn--second-primary-hover -btn--circle -btn--x-large -btn-icon-right\">SEND <svg width=\"6\" viewbox=\"0 0 6 10\" fill=\"white\" xmlns=\"http:\/\/www.w3.org\/2000\/svg\"><path d=\"M1.05189 10L0 8.94588L3.9429 5L0 1.05412L1.05487 0L4.99478 3.94588C5.2743 4.22548 5.43132 4.60465 5.43132 5C5.43132 5.39535 5.2743 5.77452 4.99478 6.05412L1.05189 10Z\"\/><\/svg><\/button>\n\t\t<\/p>\n\t<\/div>\n<\/div><div class=\"wpcf7-response-output\" aria-hidden=\"true\"><\/div>\n<input type=\"hidden\" name=\"trp-form-language\" value=\"en\"\/><\/form>\n<\/div>\n        <\/div>\n\n        \t\t<\/div>\n\t\t\t\t<\/div>\n\t\t\t\t\t<\/div>\n\t\t<\/div>\n\t\t\t\t\t<\/div>\n\t\t<\/section>\n\t\t\t\t\t<\/div>\n\t\t<\/div>\n\t\t\t\t\t<\/div>\n\t\t<\/section>\n\t\t\t\t<\/div>","protected":false},"excerpt":{"rendered":"<p>Bize Ula\u015f\u0131n Bize Ula\u015f\u0131n Projelerimizden haberdar olmak ve bizlerle i\u015f birliktelikleri yapmak i\u00e7in bize ula\u015fabilirsiniz. Merkez Ofis Adresimiz Adile Na\u015fit Blv. Aris Grand Tower No: 312 Esenyurt \/ \u0130ST info@toryapi.com.tr +90 212 271 75 75 G\u00f6nder<\/p>","protected":false},"author":1,"featured_media":0,"parent":0,"menu_order":0,"comment_status":"closed","ping_status":"closed","template":"templates\/page-elementor.php","meta":{"footnotes":""},"class_list":["post-22","page","type-page","status-publish","hentry"],"yoast_head":"<!-- This site is optimized with the Yoast SEO plugin v22.2 - https:\/\/yoast.com\/wordpress\/plugins\/seo\/ -->\n<title>\u0130leti\u015fim - Tor Yap\u0131<\/title>\n<meta name=\"description\" content=\"Projelerimizden haberdar olmak ve bizlerle i\u015f birliktelikleri yapmak i\u00e7in bize ula\u015fabilirsiniz. bize ula\u015fabilirsiniz. Adile Na\u015fit Blv. Aris...\" \/>\n<meta name=\"robots\" content=\"index, follow, max-snippet:-1, max-image-preview:large, max-video-preview:-1\" \/>\n<link rel=\"canonical\" href=\"https:\/\/toryapi.com.tr\/en\/iletisim\/\" \/>\n<meta property=\"og:locale\" content=\"en_GB\" \/>\n<meta property=\"og:type\" content=\"article\" \/>\n<meta property=\"og:title\" content=\"\u0130leti\u015fim - Tor Yap\u0131\" \/>\n<meta property=\"og:description\" content=\"Projelerimizden haberdar olmak ve bizlerle i\u015f birliktelikleri yapmak i\u00e7in bize ula\u015fabilirsiniz. bize ula\u015fabilirsiniz. Adile Na\u015fit Blv. Aris...\" \/>\n<meta property=\"og:url\" content=\"https:\/\/toryapi.com.tr\/en\/iletisim\/\" \/>\n<meta property=\"og:site_name\" content=\"Tor Yap\u0131\" \/>\n<meta property=\"article:publisher\" content=\"https:\/\/www.facebook.com\/toryapiofficial\" \/>\n<meta property=\"article:modified_time\" content=\"2022-08-15T15:37:38+00:00\" \/>\n<meta name=\"twitter:card\" content=\"summary_large_image\" \/>\n<meta name=\"twitter:label1\" content=\"Estimated reading time\" \/>\n\t<meta name=\"twitter:data1\" content=\"1 minute\" \/>\n<script type=\"application\/ld+json\" class=\"yoast-schema-graph\">{\"@context\":\"https:\/\/schema.org\",\"@graph\":[{\"@type\":\"WebPage\",\"@id\":\"https:\/\/toryapi.com.tr\/iletisim\/\",\"url\":\"https:\/\/toryapi.com.tr\/iletisim\/\",\"name\":\"\u0130leti\u015fim - Tor Yap\u0131\",\"isPartOf\":{\"@id\":\"https:\/\/toryapi.com.tr\/#website\"},\"datePublished\":\"2021-04-28T01:06:52+00:00\",\"dateModified\":\"2022-08-15T15:37:38+00:00\",\"description\":\"Projelerimizden haberdar olmak ve bizlerle i\u015f birliktelikleri yapmak i\u00e7in bize ula\u015fabilirsiniz. bize ula\u015fabilirsiniz. Adile Na\u015fit Blv. Aris...\",\"breadcrumb\":{\"@id\":\"https:\/\/toryapi.com.tr\/iletisim\/#breadcrumb\"},\"inLanguage\":\"en-GB\",\"potentialAction\":[{\"@type\":\"ReadAction\",\"target\":[\"https:\/\/toryapi.com.tr\/iletisim\/\"]}]},{\"@type\":\"BreadcrumbList\",\"@id\":\"https:\/\/toryapi.com.tr\/iletisim\/#breadcrumb\",\"itemListElement\":[{\"@type\":\"ListItem\",\"position\":1,\"name\":\"Anasayfa\",\"item\":\"https:\/\/toryapi.com.tr\/\"},{\"@type\":\"ListItem\",\"position\":2,\"name\":\"\u0130leti\u015fim\"}]},{\"@type\":\"WebSite\",\"@id\":\"https:\/\/toryapi.com.tr\/#website\",\"url\":\"https:\/\/toryapi.com.tr\/\",\"name\":\"Tor Yap\u0131\",\"description\":\"\u0130n\u015faat, M\u00fcteahhitlik, Mimarl\u0131k, Proje\",\"publisher\":{\"@id\":\"https:\/\/toryapi.com.tr\/#organization\"},\"potentialAction\":[{\"@type\":\"SearchAction\",\"target\":{\"@type\":\"EntryPoint\",\"urlTemplate\":\"https:\/\/toryapi.com.tr\/?s={search_term_string}\"},\"query-input\":\"required name=search_term_string\"}],\"inLanguage\":\"en-GB\"},{\"@type\":\"Organization\",\"@id\":\"https:\/\/toryapi.com.tr\/#organization\",\"name\":\"Tor Yap\u0131\",\"url\":\"https:\/\/toryapi.com.tr\/\",\"logo\":{\"@type\":\"ImageObject\",\"inLanguage\":\"en-GB\",\"@id\":\"https:\/\/toryapi.com.tr\/#\/schema\/logo\/image\/\",\"url\":\"https:\/\/toryapi.com.tr\/wp-content\/uploads\/2023\/02\/tor-yapi-new-logo.png\",\"contentUrl\":\"https:\/\/toryapi.com.tr\/wp-content\/uploads\/2023\/02\/tor-yapi-new-logo.png\",\"width\":150,\"height\":26,\"caption\":\"Tor Yap\u0131\"},\"image\":{\"@id\":\"https:\/\/toryapi.com.tr\/#\/schema\/logo\/image\/\"},\"sameAs\":[\"https:\/\/www.facebook.com\/toryapiofficial\",\"https:\/\/www.instagram.com\/tor.yapi\/\"]}]}<\/script>\n<!-- \/ Yoast SEO plugin. -->","yoast_head_json":{"title":"\u0130leti\u015fim - Tor Yap\u0131","description":"Projelerimizden haberdar olmak ve bizlerle i\u015f birliktelikleri yapmak i\u00e7in bize ula\u015fabilirsiniz. bize ula\u015fabilirsiniz. Adile Na\u015fit Blv. Aris...","robots":{"index":"index","follow":"follow","max-snippet":"max-snippet:-1","max-image-preview":"max-image-preview:large","max-video-preview":"max-video-preview:-1"},"canonical":"https:\/\/toryapi.com.tr\/en\/iletisim\/","og_locale":"en_GB","og_type":"article","og_title":"\u0130leti\u015fim - Tor Yap\u0131","og_description":"Projelerimizden haberdar olmak ve bizlerle i\u015f birliktelikleri yapmak i\u00e7in bize ula\u015fabilirsiniz. bize ula\u015fabilirsiniz. Adile Na\u015fit Blv. Aris...","og_url":"https:\/\/toryapi.com.tr\/en\/iletisim\/","og_site_name":"Tor Yap\u0131","article_publisher":"https:\/\/www.facebook.com\/toryapiofficial","article_modified_time":"2022-08-15T15:37:38+00:00","twitter_card":"summary_large_image","twitter_misc":{"Estimated reading time":"1 minute"},"schema":{"@context":"https:\/\/schema.org","@graph":[{"@type":"WebPage","@id":"https:\/\/toryapi.com.tr\/iletisim\/","url":"https:\/\/toryapi.com.tr\/iletisim\/","name":"\u0130leti\u015fim - Tor Yap\u0131","isPartOf":{"@id":"https:\/\/toryapi.com.tr\/#website"},"datePublished":"2021-04-28T01:06:52+00:00","dateModified":"2022-08-15T15:37:38+00:00","description":"Projelerimizden haberdar olmak ve bizlerle i\u015f birliktelikleri yapmak i\u00e7in bize ula\u015fabilirsiniz. bize ula\u015fabilirsiniz. Adile Na\u015fit Blv. Aris...","breadcrumb":{"@id":"https:\/\/toryapi.com.tr\/iletisim\/#breadcrumb"},"inLanguage":"en-GB","potentialAction":[{"@type":"ReadAction","target":["https:\/\/toryapi.com.tr\/iletisim\/"]}]},{"@type":"BreadcrumbList","@id":"https:\/\/toryapi.com.tr\/iletisim\/#breadcrumb","itemListElement":[{"@type":"ListItem","position":1,"name":"Anasayfa","item":"https:\/\/toryapi.com.tr\/"},{"@type":"ListItem","position":2,"name":"\u0130leti\u015fim"}]},{"@type":"WebSite","@id":"https:\/\/toryapi.com.tr\/#website","url":"https:\/\/toryapi.com.tr\/","name":"Tor Yap\u0131","description":"\u0130n\u015faat, M\u00fcteahhitlik, Mimarl\u0131k, Proje","publisher":{"@id":"https:\/\/toryapi.com.tr\/#organization"},"potentialAction":[{"@type":"SearchAction","target":{"@type":"EntryPoint","urlTemplate":"https:\/\/toryapi.com.tr\/?s={search_term_string}"},"query-input":"required name=search_term_string"}],"inLanguage":"en-GB"},{"@type":"Organization","@id":"https:\/\/toryapi.com.tr\/#organization","name":"Tor Yap\u0131","url":"https:\/\/toryapi.com.tr\/","logo":{"@type":"ImageObject","inLanguage":"en-GB","@id":"https:\/\/toryapi.com.tr\/#\/schema\/logo\/image\/","url":"https:\/\/toryapi.com.tr\/wp-content\/uploads\/2023\/02\/tor-yapi-new-logo.png","contentUrl":"https:\/\/toryapi.com.tr\/wp-content\/uploads\/2023\/02\/tor-yapi-new-logo.png","width":150,"height":26,"caption":"Tor Yap\u0131"},"image":{"@id":"https:\/\/toryapi.com.tr\/#\/schema\/logo\/image\/"},"sameAs":["https:\/\/www.facebook.com\/toryapiofficial","https:\/\/www.instagram.com\/tor.yapi\/"]}]}},"_links":{"self":[{"href":"https:\/\/toryapi.com.tr\/en\/wp-json\/wp\/v2\/pages\/22","targetHints":{"allow":["GET"]}}],"collection":[{"href":"https:\/\/toryapi.com.tr\/en\/wp-json\/wp\/v2\/pages"}],"about":[{"href":"https:\/\/toryapi.com.tr\/en\/wp-json\/wp\/v2\/types\/page"}],"author":[{"embeddable":true,"href":"https:\/\/toryapi.com.tr\/en\/wp-json\/wp\/v2\/users\/1"}],"replies":[{"embeddable":true,"href":"https:\/\/toryapi.com.tr\/en\/wp-json\/wp\/v2\/comments?post=22"}],"version-history":[{"count":27,"href":"https:\/\/toryapi.com.tr\/en\/wp-json\/wp\/v2\/pages\/22\/revisions"}],"predecessor-version":[{"id":2239,"href":"https:\/\/toryapi.com.tr\/en\/wp-json\/wp\/v2\/pages\/22\/revisions\/2239"}],"wp:attachment":[{"href":"https:\/\/toryapi.com.tr\/en\/wp-json\/wp\/v2\/media?parent=22"}],"curies":[{"name":"wp","href":"https:\/\/api.w.org\/{rel}","templated":true}]}}